
{"id":5788,"date":"2023-06-27T19:44:49","date_gmt":"2023-06-27T19:44:49","guid":{"rendered":"https:\/\/waterstream.io\/partner\/"},"modified":"2025-08-05T14:29:00","modified_gmt":"2025-08-05T14:29:00","slug":"partner","status":"publish","type":"page","link":"https:\/\/waterstream.io\/it\/partner\/","title":{"rendered":"Partner"},"content":{"rendered":"\t\t<div data-elementor-type=\"wp-page\" data-elementor-id=\"5788\" class=\"elementor elementor-5788 elementor-5406\" data-elementor-post-type=\"page\">\n\t\t\t\t\t\t<section class=\"elementor-section elementor-top-section elementor-element elementor-element-103412f3 elementor-section-height-min-height elementor-section-boxed elementor-section-height-default elementor-section-items-middle\" data-id=\"103412f3\" data-element_type=\"section\" data-e-type=\"section\" data-settings=\"{&quot;background_background&quot;:&quot;classic&quot;}\">\n\t\t\t\t\t\t<div class=\"elementor-container elementor-column-gap-default\">\n\t\t\t\t\t<div class=\"elementor-column elementor-col-100 elementor-top-column elementor-element elementor-element-6409793b\" data-id=\"6409793b\" data-element_type=\"column\" data-e-type=\"column\">\n\t\t\t<div class=\"elementor-widget-wrap elementor-element-populated\">\n\t\t\t\t\t\t\t<\/div>\n\t\t<\/div>\n\t\t\t\t\t<\/div>\n\t\t<\/section>\n\t\t\t\t<section class=\"elementor-section elementor-top-section elementor-element elementor-element-40d0a60e elementor-section-content-middle elementor-reverse-tablet elementor-reverse-mobile elementor-section-boxed elementor-section-height-default elementor-section-height-default\" data-id=\"40d0a60e\" data-element_type=\"section\" data-e-type=\"section\">\n\t\t\t\t\t\t<div class=\"elementor-container elementor-column-gap-no\">\n\t\t\t\t\t<div class=\"elementor-column elementor-col-50 elementor-top-column elementor-element elementor-element-287d104e\" data-id=\"287d104e\" data-element_type=\"column\" data-e-type=\"column\">\n\t\t\t<div class=\"elementor-widget-wrap elementor-element-populated\">\n\t\t\t\t\t\t<div class=\"elementor-element elementor-element-65c69e0f elementor-widget elementor-widget-heading\" data-id=\"65c69e0f\" data-element_type=\"widget\" data-e-type=\"widget\" data-widget_type=\"heading.default\">\n\t\t\t\t<div class=\"elementor-widget-container\">\n\t\t\t\t\t<h3 class=\"elementor-heading-title elementor-size-default\">Confluent<\/h3>\t\t\t\t<\/div>\n\t\t\t\t<\/div>\n\t\t\t\t<div class=\"elementor-element elementor-element-4ebb2c8d elementor-widget elementor-widget-text-editor\" data-id=\"4ebb2c8d\" data-element_type=\"widget\" data-e-type=\"widget\" data-widget_type=\"text-editor.default\">\n\t\t\t\t<div class=\"elementor-widget-container\">\n\t\t\t\t\t\t\t\t\t<p>Confluent \u00e8 leader nello sviluppo di piattaforme di streaming basate su Apache Kafka. Confluent Cloud offre una tecnologia open-source che funge da sistema di messaggistica in tempo reale, tollerante ai guasti e altamente scalabile. Permette alle aziende di trasferire i dati da sistemi isolati in una pipeline di dati in tempo reale dove poter agire in maniera immediata. Con un focus su semplicit\u00e0, affidabilit\u00e0 e scalabilit\u00e0, Confluent \u00e8 diventato un nome riconosciuto nel mondo della data integration ed event stream processing.  <\/p>\t\t\t\t\t\t\t\t<\/div>\n\t\t\t\t<\/div>\n\t\t\t\t<section class=\"elementor-section elementor-inner-section elementor-element elementor-element-2f51860d elementor-section-boxed elementor-section-height-default elementor-section-height-default\" data-id=\"2f51860d\" data-element_type=\"section\" data-e-type=\"section\">\n\t\t\t\t\t\t<div class=\"elementor-container elementor-column-gap-default\">\n\t\t\t\t\t<div class=\"elementor-column elementor-col-50 elementor-inner-column elementor-element elementor-element-2a556412\" data-id=\"2a556412\" data-element_type=\"column\" data-e-type=\"column\">\n\t\t\t<div class=\"elementor-widget-wrap elementor-element-populated\">\n\t\t\t\t\t\t<div class=\"elementor-element elementor-element-228f20af elementor-mobile-align-justify elementor-tablet-align-center elementor-align-justify elementor-widget elementor-widget-button\" data-id=\"228f20af\" data-element_type=\"widget\" data-e-type=\"widget\" data-widget_type=\"button.default\">\n\t\t\t\t<div class=\"elementor-widget-container\">\n\t\t\t\t\t\t\t\t\t<div class=\"elementor-button-wrapper\">\n\t\t\t\t\t<a class=\"elementor-button elementor-button-link elementor-size-xs\" href=\"https:\/\/waterstream.io\/partners\/confluent\/\">\n\t\t\t\t\t\t<span class=\"elementor-button-content-wrapper\">\n\t\t\t\t\t\t\t\t\t<span class=\"elementor-button-text\">Altro<\/span>\n\t\t\t\t\t<\/span>\n\t\t\t\t\t<\/a>\n\t\t\t\t<\/div>\n\t\t\t\t\t\t\t\t<\/div>\n\t\t\t\t<\/div>\n\t\t\t\t\t<\/div>\n\t\t<\/div>\n\t\t\t\t<div class=\"elementor-column elementor-col-50 elementor-inner-column elementor-element elementor-element-4a4d2fd\" data-id=\"4a4d2fd\" data-element_type=\"column\" data-e-type=\"column\">\n\t\t\t<div class=\"elementor-widget-wrap\">\n\t\t\t\t\t\t\t<\/div>\n\t\t<\/div>\n\t\t\t\t\t<\/div>\n\t\t<\/section>\n\t\t\t\t\t<\/div>\n\t\t<\/div>\n\t\t\t\t<div class=\"elementor-column elementor-col-50 elementor-top-column elementor-element elementor-element-111e4cf3\" data-id=\"111e4cf3\" data-element_type=\"column\" data-e-type=\"column\">\n\t\t\t<div class=\"elementor-widget-wrap elementor-element-populated\">\n\t\t\t\t\t\t<div class=\"elementor-element elementor-element-1d343ad1 elementor-widget elementor-widget-image\" data-id=\"1d343ad1\" data-element_type=\"widget\" data-e-type=\"widget\" data-widget_type=\"image.default\">\n\t\t\t\t<div class=\"elementor-widget-container\">\n\t\t\t\t\t\t\t\t\t\t\t\t\t\t\t<img fetchpriority=\"high\" decoding=\"async\" width=\"300\" height=\"300\" src=\"https:\/\/waterstream.io\/wp-content\/uploads\/2023\/06\/confluent-big-logo-300x300.png\" class=\"attachment-medium size-medium wp-image-5726\" alt=\"\" srcset=\"https:\/\/waterstream.io\/wp-content\/uploads\/2023\/06\/confluent-big-logo-300x300.png 300w, https:\/\/waterstream.io\/wp-content\/uploads\/2023\/06\/confluent-big-logo-150x150.png 150w, https:\/\/waterstream.io\/wp-content\/uploads\/2023\/06\/confluent-big-logo-600x600.png 600w, https:\/\/waterstream.io\/wp-content\/uploads\/2023\/06\/confluent-big-logo.png 748w\" sizes=\"(max-width: 300px) 100vw, 300px\" \/>\t\t\t\t\t\t\t\t\t\t\t\t\t\t\t<\/div>\n\t\t\t\t<\/div>\n\t\t\t\t\t<\/div>\n\t\t<\/div>\n\t\t\t\t\t<\/div>\n\t\t<\/section>\n\t\t\t\t<section class=\"elementor-section elementor-top-section elementor-element elementor-element-2df3c80 elementor-section-boxed elementor-section-height-default elementor-section-height-default\" data-id=\"2df3c80\" data-element_type=\"section\" data-e-type=\"section\">\n\t\t\t\t\t\t<div class=\"elementor-container elementor-column-gap-default\">\n\t\t\t\t\t<div class=\"elementor-column elementor-col-100 elementor-top-column elementor-element elementor-element-743889c\" data-id=\"743889c\" data-element_type=\"column\" data-e-type=\"column\">\n\t\t\t<div class=\"elementor-widget-wrap elementor-element-populated\">\n\t\t\t\t\t\t<div class=\"elementor-element elementor-element-463c24e elementor-widget elementor-widget-spacer\" data-id=\"463c24e\" data-element_type=\"widget\" data-e-type=\"widget\" data-widget_type=\"spacer.default\">\n\t\t\t\t<div class=\"elementor-widget-container\">\n\t\t\t\t\t\t\t<div class=\"elementor-spacer\">\n\t\t\t<div class=\"elementor-spacer-inner\"><\/div>\n\t\t<\/div>\n\t\t\t\t\t\t<\/div>\n\t\t\t\t<\/div>\n\t\t\t\t\t<\/div>\n\t\t<\/div>\n\t\t\t\t\t<\/div>\n\t\t<\/section>\n\t\t\t\t<section class=\"elementor-section elementor-top-section elementor-element elementor-element-732ebd9d elementor-section-content-middle elementor-section-boxed elementor-section-height-default elementor-section-height-default\" data-id=\"732ebd9d\" data-element_type=\"section\" data-e-type=\"section\">\n\t\t\t\t\t\t<div class=\"elementor-container elementor-column-gap-no\">\n\t\t\t\t\t<div class=\"elementor-column elementor-col-50 elementor-top-column elementor-element elementor-element-60e5c05c\" data-id=\"60e5c05c\" data-element_type=\"column\" data-e-type=\"column\">\n\t\t\t<div class=\"elementor-widget-wrap elementor-element-populated\">\n\t\t\t\t\t\t<div class=\"elementor-element elementor-element-3f370db4 elementor-widget elementor-widget-image\" data-id=\"3f370db4\" data-element_type=\"widget\" data-e-type=\"widget\" data-widget_type=\"image.default\">\n\t\t\t\t<div class=\"elementor-widget-container\">\n\t\t\t\t\t\t\t\t\t\t\t\t\t\t\t<img decoding=\"async\" width=\"300\" height=\"61\" src=\"https:\/\/waterstream.io\/wp-content\/uploads\/2022\/07\/redpanda-color-300x61.png\" class=\"attachment-medium size-medium wp-image-5720\" alt=\"\" srcset=\"https:\/\/waterstream.io\/wp-content\/uploads\/2022\/07\/redpanda-color-300x61.png 300w, https:\/\/waterstream.io\/wp-content\/uploads\/2022\/07\/redpanda-color-1024x207.png 1024w, https:\/\/waterstream.io\/wp-content\/uploads\/2022\/07\/redpanda-color-768x155.png 768w, https:\/\/waterstream.io\/wp-content\/uploads\/2022\/07\/redpanda-color-1536x310.png 1536w, https:\/\/waterstream.io\/wp-content\/uploads\/2022\/07\/redpanda-color-2048x413.png 2048w\" sizes=\"(max-width: 300px) 100vw, 300px\" \/>\t\t\t\t\t\t\t\t\t\t\t\t\t\t\t<\/div>\n\t\t\t\t<\/div>\n\t\t\t\t\t<\/div>\n\t\t<\/div>\n\t\t\t\t<div class=\"elementor-column elementor-col-50 elementor-top-column elementor-element elementor-element-670e2d5f\" data-id=\"670e2d5f\" data-element_type=\"column\" data-e-type=\"column\">\n\t\t\t<div class=\"elementor-widget-wrap elementor-element-populated\">\n\t\t\t\t\t\t<div class=\"elementor-element elementor-element-f3bc71a elementor-widget elementor-widget-heading\" data-id=\"f3bc71a\" data-element_type=\"widget\" data-e-type=\"widget\" data-widget_type=\"heading.default\">\n\t\t\t\t<div class=\"elementor-widget-container\">\n\t\t\t\t\t<h3 class=\"elementor-heading-title elementor-size-default\">Redpanda<\/h3>\t\t\t\t<\/div>\n\t\t\t\t<\/div>\n\t\t\t\t<div class=\"elementor-element elementor-element-13fc8e23 elementor-widget elementor-widget-text-editor\" data-id=\"13fc8e23\" data-element_type=\"widget\" data-e-type=\"widget\" data-widget_type=\"text-editor.default\">\n\t\t\t\t<div class=\"elementor-widget-container\">\n\t\t\t\t\t\t\t\t\t<p>Redpanda \u00e8 una piattaforma di streaming per carichi di lavoro mission critical. Compatibile con Kafka\u00ae, non richiede Zookeeper\u00ae, JVM e modifiche al codice. Utilizza tutti i tuoi strumenti open source preferiti &#8211; 10 volte pi\u00f9 veloce.  <\/p>\t\t\t\t\t\t\t\t<\/div>\n\t\t\t\t<\/div>\n\t\t\t\t\t<\/div>\n\t\t<\/div>\n\t\t\t\t\t<\/div>\n\t\t<\/section>\n\t\t\t\t<section class=\"elementor-section elementor-top-section elementor-element elementor-element-54a3300e elementor-section-content-middle elementor-reverse-tablet elementor-reverse-mobile elementor-section-boxed elementor-section-height-default elementor-section-height-default\" data-id=\"54a3300e\" data-element_type=\"section\" data-e-type=\"section\">\n\t\t\t\t\t\t<div class=\"elementor-container elementor-column-gap-no\">\n\t\t\t\t\t<div class=\"elementor-column elementor-col-100 elementor-top-column elementor-element elementor-element-1e89b8c4\" data-id=\"1e89b8c4\" data-element_type=\"column\" data-e-type=\"column\">\n\t\t\t<div class=\"elementor-widget-wrap elementor-element-populated\">\n\t\t\t\t\t\t<div class=\"elementor-element elementor-element-554d8bad elementor-widget elementor-widget-heading\" data-id=\"554d8bad\" data-element_type=\"widget\" data-e-type=\"widget\" data-widget_type=\"heading.default\">\n\t\t\t\t<div class=\"elementor-widget-container\">\n\t\t\t\t\t<h3 class=\"elementor-heading-title elementor-size-default\">Altre domande?<\/h3>\t\t\t\t<\/div>\n\t\t\t\t<\/div>\n\t\t\t\t<div class=\"elementor-element elementor-element-25047e4 elementor-widget elementor-widget-text-editor\" data-id=\"25047e4\" data-element_type=\"widget\" data-e-type=\"widget\" data-widget_type=\"text-editor.default\">\n\t\t\t\t<div class=\"elementor-widget-container\">\n\t\t\t\t\t\t\t\t\t<p>Richiedi una demo o parla con il nostro team tecnico per saperne di pi\u00f9.<\/p>\t\t\t\t\t\t\t\t<\/div>\n\t\t\t\t<\/div>\n\t\t\t\t<section class=\"elementor-section elementor-inner-section elementor-element elementor-element-7bc281ce elementor-section-boxed elementor-section-height-default elementor-section-height-default\" data-id=\"7bc281ce\" data-element_type=\"section\" data-e-type=\"section\">\n\t\t\t\t\t\t<div class=\"elementor-container elementor-column-gap-default\">\n\t\t\t\t\t<div class=\"elementor-column elementor-col-100 elementor-inner-column elementor-element elementor-element-590e96ca\" data-id=\"590e96ca\" data-element_type=\"column\" data-e-type=\"column\">\n\t\t\t<div class=\"elementor-widget-wrap elementor-element-populated\">\n\t\t\t\t\t\t<div class=\"elementor-element elementor-element-246ac1d9 elementor-align-center elementor-mobile-align-justify elementor-widget elementor-widget-button\" data-id=\"246ac1d9\" data-element_type=\"widget\" data-e-type=\"widget\" data-widget_type=\"button.default\">\n\t\t\t\t<div class=\"elementor-widget-container\">\n\t\t\t\t\t\t\t\t\t<div class=\"elementor-button-wrapper\">\n\t\t\t\t\t<a class=\"elementor-button elementor-button-link elementor-size-xs\" href=\"https:\/\/waterstream.io\/contact\/\">\n\t\t\t\t\t\t<span class=\"elementor-button-content-wrapper\">\n\t\t\t\t\t\t\t\t\t<span class=\"elementor-button-text\">Contatta Waterstream<\/span>\n\t\t\t\t\t<\/span>\n\t\t\t\t\t<\/a>\n\t\t\t\t<\/div>\n\t\t\t\t\t\t\t\t<\/div>\n\t\t\t\t<\/div>\n\t\t\t\t\t<\/div>\n\t\t<\/div>\n\t\t\t\t\t<\/div>\n\t\t<\/section>\n\t\t\t\t\t<\/div>\n\t\t<\/div>\n\t\t\t\t\t<\/div>\n\t\t<\/section>\n\t\t\t\t<\/div>\n\t\t","protected":false},"excerpt":{"rendered":"<p>Confluent Confluent \u00e8 leader nello sviluppo di piattaforme di streaming basate su Apache Kafka. Confluent Cloud offre una tecnologia open-source che funge da sistema di messaggistica in tempo reale, tollerante ai guasti e altamente scalabile. Permette alle aziende di trasferire i dati da sistemi isolati in una pipeline di dati in tempo reale dove poter [&hellip;]<\/p>\n","protected":false},"author":4,"featured_media":0,"parent":0,"menu_order":0,"comment_status":"closed","ping_status":"closed","template":"elementor_header_footer","meta":{"content-type":"","ocean_post_layout":"","ocean_both_sidebars_style":"","ocean_both_sidebars_content_width":0,"ocean_both_sidebars_sidebars_width":0,"ocean_sidebar":"","ocean_second_sidebar":"","ocean_disable_margins":"enable","ocean_add_body_class":"","ocean_shortcode_before_top_bar":"","ocean_shortcode_after_top_bar":"","ocean_shortcode_before_header":"","ocean_shortcode_after_header":"","ocean_has_shortcode":"","ocean_shortcode_after_title":"","ocean_shortcode_before_footer_widgets":"","ocean_shortcode_after_footer_widgets":"","ocean_shortcode_before_footer_bottom":"","ocean_shortcode_after_footer_bottom":"","ocean_display_top_bar":"default","ocean_display_header":"default","ocean_header_style":"","ocean_center_header_left_menu":"","ocean_custom_header_template":"","ocean_custom_logo":0,"ocean_custom_retina_logo":0,"ocean_custom_logo_max_width":0,"ocean_custom_logo_tablet_max_width":0,"ocean_custom_logo_mobile_max_width":0,"ocean_custom_logo_max_height":0,"ocean_custom_logo_tablet_max_height":0,"ocean_custom_logo_mobile_max_height":0,"ocean_header_custom_menu":"","ocean_menu_typo_font_family":"","ocean_menu_typo_font_subset":"","ocean_menu_typo_font_size":0,"ocean_menu_typo_font_size_tablet":0,"ocean_menu_typo_font_size_mobile":0,"ocean_menu_typo_font_size_unit":"px","ocean_menu_typo_font_weight":"","ocean_menu_typo_font_weight_tablet":"","ocean_menu_typo_font_weight_mobile":"","ocean_menu_typo_transform":"","ocean_menu_typo_transform_tablet":"","ocean_menu_typo_transform_mobile":"","ocean_menu_typo_line_height":0,"ocean_menu_typo_line_height_tablet":0,"ocean_menu_typo_line_height_mobile":0,"ocean_menu_typo_line_height_unit":"","ocean_menu_typo_spacing":0,"ocean_menu_typo_spacing_tablet":0,"ocean_menu_typo_spacing_mobile":0,"ocean_menu_typo_spacing_unit":"","ocean_menu_link_color":"","ocean_menu_link_color_hover":"","ocean_menu_link_color_active":"","ocean_menu_link_background":"","ocean_menu_link_hover_background":"","ocean_menu_link_active_background":"","ocean_menu_social_links_bg":"","ocean_menu_social_hover_links_bg":"","ocean_menu_social_links_color":"","ocean_menu_social_hover_links_color":"","ocean_disable_title":"default","ocean_disable_heading":"default","ocean_post_title":"","ocean_post_subheading":"","ocean_post_title_style":"","ocean_post_title_background_color":"","ocean_post_title_background":0,"ocean_post_title_bg_image_position":"","ocean_post_title_bg_image_attachment":"","ocean_post_title_bg_image_repeat":"","ocean_post_title_bg_image_size":"","ocean_post_title_height":0,"ocean_post_title_bg_overlay":0.5,"ocean_post_title_bg_overlay_color":"","ocean_disable_breadcrumbs":"default","ocean_breadcrumbs_color":"","ocean_breadcrumbs_separator_color":"","ocean_breadcrumbs_links_color":"","ocean_breadcrumbs_links_hover_color":"","ocean_display_footer_widgets":"default","ocean_display_footer_bottom":"default","ocean_custom_footer_template":"","footnotes":""},"class_list":["post-5788","page","type-page","status-publish","hentry","entry"],"yoast_head":"<!-- This site is optimized with the Yoast SEO plugin v27.3 - https:\/\/yoast.com\/product\/yoast-seo-wordpress\/ -->\n<title>Partner - Waterstream.io | Simplify MQTT Data Integration<\/title>\n<meta name=\"robots\" content=\"index, follow, max-snippet:-1, max-image-preview:large, max-video-preview:-1\" \/>\n<link rel=\"canonical\" href=\"https:\/\/waterstream.io\/it\/partner\/\" \/>\n<meta property=\"og:locale\" content=\"it_IT\" \/>\n<meta property=\"og:type\" content=\"article\" \/>\n<meta property=\"og:title\" content=\"Partner - Waterstream.io | Simplify MQTT Data Integration\" \/>\n<meta property=\"og:description\" content=\"Confluent Confluent \u00e8 leader nello sviluppo di piattaforme di streaming basate su Apache Kafka. Confluent Cloud offre una tecnologia open-source che funge da sistema di messaggistica in tempo reale, tollerante ai guasti e altamente scalabile. Permette alle aziende di trasferire i dati da sistemi isolati in una pipeline di dati in tempo reale dove poter [&hellip;]\" \/>\n<meta property=\"og:url\" content=\"https:\/\/waterstream.io\/it\/partner\/\" \/>\n<meta property=\"og:site_name\" content=\"Waterstream.io | Simplify MQTT Data Integration\" \/>\n<meta property=\"article:modified_time\" content=\"2025-08-05T14:29:00+00:00\" \/>\n<meta property=\"og:image\" content=\"https:\/\/waterstream.io\/wp-content\/uploads\/2023\/06\/confluent-big-logo.png\" \/>\n\t<meta property=\"og:image:width\" content=\"748\" \/>\n\t<meta property=\"og:image:height\" content=\"748\" \/>\n\t<meta property=\"og:image:type\" content=\"image\/png\" \/>\n<meta name=\"twitter:card\" content=\"summary_large_image\" \/>\n<meta name=\"twitter:label1\" content=\"Tempo di lettura stimato\" \/>\n\t<meta name=\"twitter:data1\" content=\"1 minuto\" \/>\n<script type=\"application\/ld+json\" class=\"yoast-schema-graph\">{\"@context\":\"https:\\\/\\\/schema.org\",\"@graph\":[{\"@type\":\"WebPage\",\"@id\":\"https:\\\/\\\/waterstream.io\\\/it\\\/partner\\\/\",\"url\":\"https:\\\/\\\/waterstream.io\\\/it\\\/partner\\\/\",\"name\":\"Partner - Waterstream.io | Simplify MQTT Data Integration\",\"isPartOf\":{\"@id\":\"https:\\\/\\\/waterstream.io\\\/it\\\/#website\"},\"primaryImageOfPage\":{\"@id\":\"https:\\\/\\\/waterstream.io\\\/it\\\/partner\\\/#primaryimage\"},\"image\":{\"@id\":\"https:\\\/\\\/waterstream.io\\\/it\\\/partner\\\/#primaryimage\"},\"thumbnailUrl\":\"https:\\\/\\\/waterstream.io\\\/wp-content\\\/uploads\\\/2023\\\/06\\\/confluent-big-logo-300x300.png\",\"datePublished\":\"2023-06-27T19:44:49+00:00\",\"dateModified\":\"2025-08-05T14:29:00+00:00\",\"breadcrumb\":{\"@id\":\"https:\\\/\\\/waterstream.io\\\/it\\\/partner\\\/#breadcrumb\"},\"inLanguage\":\"it-IT\",\"potentialAction\":[{\"@type\":\"ReadAction\",\"target\":[\"https:\\\/\\\/waterstream.io\\\/it\\\/partner\\\/\"]}]},{\"@type\":\"ImageObject\",\"inLanguage\":\"it-IT\",\"@id\":\"https:\\\/\\\/waterstream.io\\\/it\\\/partner\\\/#primaryimage\",\"url\":\"https:\\\/\\\/waterstream.io\\\/wp-content\\\/uploads\\\/2023\\\/06\\\/confluent-big-logo-300x300.png\",\"contentUrl\":\"https:\\\/\\\/waterstream.io\\\/wp-content\\\/uploads\\\/2023\\\/06\\\/confluent-big-logo-300x300.png\"},{\"@type\":\"BreadcrumbList\",\"@id\":\"https:\\\/\\\/waterstream.io\\\/it\\\/partner\\\/#breadcrumb\",\"itemListElement\":[{\"@type\":\"ListItem\",\"position\":1,\"name\":\"Home\",\"item\":\"https:\\\/\\\/waterstream.io\\\/it\\\/\"},{\"@type\":\"ListItem\",\"position\":2,\"name\":\"Partner\"}]},{\"@type\":\"WebSite\",\"@id\":\"https:\\\/\\\/waterstream.io\\\/it\\\/#website\",\"url\":\"https:\\\/\\\/waterstream.io\\\/it\\\/\",\"name\":\"Waterstream.io | Simplify MQTT Data Integration\",\"description\":\"High performance MQTT Broker\",\"publisher\":{\"@id\":\"https:\\\/\\\/waterstream.io\\\/it\\\/#organization\"},\"potentialAction\":[{\"@type\":\"SearchAction\",\"target\":{\"@type\":\"EntryPoint\",\"urlTemplate\":\"https:\\\/\\\/waterstream.io\\\/it\\\/?s={search_term_string}\"},\"query-input\":{\"@type\":\"PropertyValueSpecification\",\"valueRequired\":true,\"valueName\":\"search_term_string\"}}],\"inLanguage\":\"it-IT\"},{\"@type\":\"Organization\",\"@id\":\"https:\\\/\\\/waterstream.io\\\/it\\\/#organization\",\"name\":\"Waterstream.io | Simplify MQTT Data Integration\",\"url\":\"https:\\\/\\\/waterstream.io\\\/it\\\/\",\"logo\":{\"@type\":\"ImageObject\",\"inLanguage\":\"it-IT\",\"@id\":\"https:\\\/\\\/waterstream.io\\\/it\\\/#\\\/schema\\\/logo\\\/image\\\/\",\"url\":\"https:\\\/\\\/waterstream.io\\\/wp-content\\\/uploads\\\/2022\\\/05\\\/WaterStream-Logo-Color.png\",\"contentUrl\":\"https:\\\/\\\/waterstream.io\\\/wp-content\\\/uploads\\\/2022\\\/05\\\/WaterStream-Logo-Color.png\",\"width\":500,\"height\":117,\"caption\":\"Waterstream.io | Simplify MQTT Data Integration\"},\"image\":{\"@id\":\"https:\\\/\\\/waterstream.io\\\/it\\\/#\\\/schema\\\/logo\\\/image\\\/\"}}]}<\/script>\n<!-- \/ Yoast SEO plugin. -->","yoast_head_json":{"title":"Partner - Waterstream.io | Simplify MQTT Data Integration","robots":{"index":"index","follow":"follow","max-snippet":"max-snippet:-1","max-image-preview":"max-image-preview:large","max-video-preview":"max-video-preview:-1"},"canonical":"https:\/\/waterstream.io\/it\/partner\/","og_locale":"it_IT","og_type":"article","og_title":"Partner - Waterstream.io | Simplify MQTT Data Integration","og_description":"Confluent Confluent \u00e8 leader nello sviluppo di piattaforme di streaming basate su Apache Kafka. Confluent Cloud offre una tecnologia open-source che funge da sistema di messaggistica in tempo reale, tollerante ai guasti e altamente scalabile. Permette alle aziende di trasferire i dati da sistemi isolati in una pipeline di dati in tempo reale dove poter [&hellip;]","og_url":"https:\/\/waterstream.io\/it\/partner\/","og_site_name":"Waterstream.io | Simplify MQTT Data Integration","article_modified_time":"2025-08-05T14:29:00+00:00","og_image":[{"width":748,"height":748,"url":"https:\/\/waterstream.io\/wp-content\/uploads\/2023\/06\/confluent-big-logo.png","type":"image\/png"}],"twitter_card":"summary_large_image","twitter_misc":{"Tempo di lettura stimato":"1 minuto"},"schema":{"@context":"https:\/\/schema.org","@graph":[{"@type":"WebPage","@id":"https:\/\/waterstream.io\/it\/partner\/","url":"https:\/\/waterstream.io\/it\/partner\/","name":"Partner - Waterstream.io | Simplify MQTT Data Integration","isPartOf":{"@id":"https:\/\/waterstream.io\/it\/#website"},"primaryImageOfPage":{"@id":"https:\/\/waterstream.io\/it\/partner\/#primaryimage"},"image":{"@id":"https:\/\/waterstream.io\/it\/partner\/#primaryimage"},"thumbnailUrl":"https:\/\/waterstream.io\/wp-content\/uploads\/2023\/06\/confluent-big-logo-300x300.png","datePublished":"2023-06-27T19:44:49+00:00","dateModified":"2025-08-05T14:29:00+00:00","breadcrumb":{"@id":"https:\/\/waterstream.io\/it\/partner\/#breadcrumb"},"inLanguage":"it-IT","potentialAction":[{"@type":"ReadAction","target":["https:\/\/waterstream.io\/it\/partner\/"]}]},{"@type":"ImageObject","inLanguage":"it-IT","@id":"https:\/\/waterstream.io\/it\/partner\/#primaryimage","url":"https:\/\/waterstream.io\/wp-content\/uploads\/2023\/06\/confluent-big-logo-300x300.png","contentUrl":"https:\/\/waterstream.io\/wp-content\/uploads\/2023\/06\/confluent-big-logo-300x300.png"},{"@type":"BreadcrumbList","@id":"https:\/\/waterstream.io\/it\/partner\/#breadcrumb","itemListElement":[{"@type":"ListItem","position":1,"name":"Home","item":"https:\/\/waterstream.io\/it\/"},{"@type":"ListItem","position":2,"name":"Partner"}]},{"@type":"WebSite","@id":"https:\/\/waterstream.io\/it\/#website","url":"https:\/\/waterstream.io\/it\/","name":"Waterstream.io | Simplify MQTT Data Integration","description":"High performance MQTT Broker","publisher":{"@id":"https:\/\/waterstream.io\/it\/#organization"},"potentialAction":[{"@type":"SearchAction","target":{"@type":"EntryPoint","urlTemplate":"https:\/\/waterstream.io\/it\/?s={search_term_string}"},"query-input":{"@type":"PropertyValueSpecification","valueRequired":true,"valueName":"search_term_string"}}],"inLanguage":"it-IT"},{"@type":"Organization","@id":"https:\/\/waterstream.io\/it\/#organization","name":"Waterstream.io | Simplify MQTT Data Integration","url":"https:\/\/waterstream.io\/it\/","logo":{"@type":"ImageObject","inLanguage":"it-IT","@id":"https:\/\/waterstream.io\/it\/#\/schema\/logo\/image\/","url":"https:\/\/waterstream.io\/wp-content\/uploads\/2022\/05\/WaterStream-Logo-Color.png","contentUrl":"https:\/\/waterstream.io\/wp-content\/uploads\/2022\/05\/WaterStream-Logo-Color.png","width":500,"height":117,"caption":"Waterstream.io | Simplify MQTT Data Integration"},"image":{"@id":"https:\/\/waterstream.io\/it\/#\/schema\/logo\/image\/"}}]}},"_links":{"self":[{"href":"https:\/\/waterstream.io\/it\/wp-json\/wp\/v2\/pages\/5788","targetHints":{"allow":["GET"]}}],"collection":[{"href":"https:\/\/waterstream.io\/it\/wp-json\/wp\/v2\/pages"}],"about":[{"href":"https:\/\/waterstream.io\/it\/wp-json\/wp\/v2\/types\/page"}],"author":[{"embeddable":true,"href":"https:\/\/waterstream.io\/it\/wp-json\/wp\/v2\/users\/4"}],"replies":[{"embeddable":true,"href":"https:\/\/waterstream.io\/it\/wp-json\/wp\/v2\/comments?post=5788"}],"version-history":[{"count":0,"href":"https:\/\/waterstream.io\/it\/wp-json\/wp\/v2\/pages\/5788\/revisions"}],"wp:attachment":[{"href":"https:\/\/waterstream.io\/it\/wp-json\/wp\/v2\/media?parent=5788"}],"curies":[{"name":"wp","href":"https:\/\/api.w.org\/{rel}","templated":true}]}}